{"id":18606,"date":"2023-10-23T21:27:20","date_gmt":"2023-10-23T21:27:20","guid":{"rendered":"https:\/\/agencysnob.com\/member\/?page_id=18606"},"modified":"2026-03-24T09:45:29","modified_gmt":"2026-03-24T09:45:29","slug":"preisliste-hostessen","status":"publish","type":"page","link":"https:\/\/agencysnob.com\/member\/preisliste-hostessen\/","title":{"rendered":"PREISLISTE &#8211; HOSTESSEN"},"content":{"rendered":"\n<p>PREISLISTE &#8211; HOSTESSEN<br>Hostess mit Muttersprachkenntnissen \u2013 8 Stunden \u2013 &#8230; Euro<br>Hostessen mit Englischkenntnissen \u2013 8 Stunden \u2013 &#8230; Euro<br>Hostessen mit Kenntnissen der englischen Sprache und einer weiteren Sprache (Deutsch, T\u00fcrkisch, Franz\u00f6sisch, Russisch oder eine andere Sprache) \u2013 8 Stunden \u2013 &#8230; Euro<br>Die aufgef\u00fchrten Preise gelten f\u00fcr die Zahlung \u00fcber das Konto des Unternehmens.<\/p>\n\n\n\n<p>Schauen Sie sich unsere Mitglieder in den St\u00e4dten an <a href=\"https:\/\/agencysnob.com\/member\/tag\/beograd-belgrade\/\">Belgrade<\/a>,&nbsp;<a href=\"https:\/\/agencysnob.com\/member\/tag\/sarajevo\/\">Sarajevo<\/a>,&nbsp;<a href=\"https:\/\/agencysnob.com\/member\/tag\/banjaluka\/\">Banjaluka<\/a>,&nbsp;<a href=\"https:\/\/agencysnob.com\/member\/tag\/podgorica\/\">Podgorica<\/a>,&nbsp;<a href=\"https:\/\/agencysnob.com\/member\/tag\/skopje\/\">Skopje<\/a>,&nbsp;<a href=\"https:\/\/agencysnob.com\/member\/tag\/ljubljana\/\">Ljubljana<\/a>,&nbsp;<a href=\"https:\/\/agencysnob.com\/member\/tag\/zagreb\/\">Zagreb<\/a>,&nbsp;<a href=\"https:\/\/agencysnob.com\/member\/tag\/sofia\/\">Sofia<\/a>,&nbsp;<a href=\"https:\/\/agencysnob.com\/member\/tag\/nis\/\">Nis<\/a>,&nbsp;<a href=\"https:\/\/agencysnob.com\/member\/tag\/novi-sad\/\">Novi Sad<\/a><\/p>\n","protected":false},"excerpt":{"rendered":"<p>PREISLISTE &#8211; HOSTESSENHostess mit Muttersprachkenntnissen \u2013 8 Stunden \u2013 &#8230; EuroHostessen mit Englischkenntnissen \u2013 8 Stunden \u2013 &#8230;<\/p>\n","protected":false},"author":1,"featured_media":0,"parent":0,"menu_order":0,"comment_status":"closed","ping_status":"closed","template":"","meta":{"footnotes":""},"class_list":["post-18606","page","type-page","status-publish","hentry"],"_links":{"self":[{"href":"https:\/\/agencysnob.com\/member\/wp-json\/wp\/v2\/pages\/18606","targetHints":{"allow":["GET"]}}],"collection":[{"href":"https:\/\/agencysnob.com\/member\/wp-json\/wp\/v2\/pages"}],"about":[{"href":"https:\/\/agencysnob.com\/member\/wp-json\/wp\/v2\/types\/page"}],"author":[{"embeddable":true,"href":"https:\/\/agencysnob.com\/member\/wp-json\/wp\/v2\/users\/1"}],"replies":[{"embeddable":true,"href":"https:\/\/agencysnob.com\/member\/wp-json\/wp\/v2\/comments?post=18606"}],"version-history":[{"count":3,"href":"https:\/\/agencysnob.com\/member\/wp-json\/wp\/v2\/pages\/18606\/revisions"}],"predecessor-version":[{"id":41305,"href":"https:\/\/agencysnob.com\/member\/wp-json\/wp\/v2\/pages\/18606\/revisions\/41305"}],"wp:attachment":[{"href":"https:\/\/agencysnob.com\/member\/wp-json\/wp\/v2\/media?parent=18606"}],"curies":[{"name":"wp","href":"https:\/\/api.w.org\/{rel}","templated":true}]}}